{"id":393,"date":"2023-07-26T08:08:30","date_gmt":"2023-07-26T08:08:30","guid":{"rendered":"https:\/\/neuroedubrasil.com\/2023\/?page_id=393"},"modified":"2023-07-26T08:09:28","modified_gmt":"2023-07-26T08:09:28","slug":"neuroedu23-adventure","status":"publish","type":"page","link":"https:\/\/neuroedubrasil.com\/2023\/neuroedu23-adventure\/","title":{"rendered":"NeuroEdu23 Adventure"},"content":{"rendered":"\n<figure class=\"wp-block-image size-large\"><img loading=\"lazy\" decoding=\"async\" width=\"1024\" height=\"410\" src=\"https:\/\/neuroedubrasil.com\/2023\/wp-content\/uploads\/2023\/07\/www.siteneuroedu23.com_.3ddf9ef750634a95b1f9-1024x410.jpg\" alt=\"\" class=\"wp-image-394\" srcset=\"https:\/\/neuroedubrasil.com\/2023\/wp-content\/uploads\/2023\/07\/www.siteneuroedu23.com_.3ddf9ef750634a95b1f9-1024x410.jpg 1024w, https:\/\/neuroedubrasil.com\/2023\/wp-content\/uploads\/2023\/07\/www.siteneuroedu23.com_.3ddf9ef750634a95b1f9-300x120.jpg 300w, https:\/\/neuroedubrasil.com\/2023\/wp-content\/uploads\/2023\/07\/www.siteneuroedu23.com_.3ddf9ef750634a95b1f9-768x307.jpg 768w, https:\/\/neuroedubrasil.com\/2023\/wp-content\/uploads\/2023\/07\/www.siteneuroedu23.com_.3ddf9ef750634a95b1f9.jpg 1100w\" sizes=\"auto, (max-width: 1024px) 100vw, 1024px\" \/><\/figure>\n\n\n\n<p>Embarque na aventura de transformar a educa\u00e7\u00e3o na bela cidade de NeuroEduVille! Neste curso interativo, voc\u00ea assumir\u00e1 o papel de um Professor inovador na Escola do NeuroEdu23, uma institui\u00e7\u00e3o que precisa de suas habilidades e criatividade. Voc\u00ea ir\u00e1 explorar conceitos como Aprendizagem Ativa, Aprendizagem Baseada em Problemas e por Projetos, Sala de Aula Invertida, Ensino H\u00edbrido e Gamifica\u00e7\u00e3o. Est\u00e1 pronto para aceitar o desafio e transformar a maneira como ensinamos e aprendemos? Nessa aventura voc\u00ea ir\u00e1 mergulhar em temas como Aprendizagem ativa e Aprendizagem baseada em problema e por projetos, Sala de Aula Invertida, Ensino h\u00edbrido e Jogos na Educa\u00e7\u00e3o \/ Gamifica\u00e7\u00e3o. Junte-se a n\u00f3s nesta jornada \u00e9pica pela educa\u00e7\u00e3o!<\/p>\n\n\n\n<p><\/p>\n\n\n\n<p>Inscreva-se e embarque nessa aventura: <a href=\"https:\/\/www.even3.com.br\/neuroedu23-adventure-368363\" target=\"_blank\" rel=\"noreferrer noopener\">https:\/\/www.even3.com.br\/neuroedu23-adventure-368363<\/a><\/p>\n","protected":false},"excerpt":{"rendered":"<p>Embarque na aventura de transformar a educa\u00e7\u00e3o na bela cidade de NeuroEduVille! Neste curso interativo, voc\u00ea assumir\u00e1 o papel de um Professor inovador na Escola do NeuroEdu23, uma institui\u00e7\u00e3o que precisa de suas habilidades e criatividade. Voc\u00ea ir\u00e1 explorar conceitos como Aprendizagem Ativa, Aprendizagem Baseada em Problemas e por Projetos, Sala de Aula Invertida, Ensino [&hellip;]<\/p>\n","protected":false},"author":1,"featured_media":0,"parent":0,"menu_order":0,"comment_status":"closed","ping_status":"closed","template":"","meta":{"footnotes":""},"class_list":["post-393","page","type-page","status-publish","hentry"],"_links":{"self":[{"href":"https:\/\/neuroedubrasil.com\/2023\/wp-json\/wp\/v2\/pages\/393","targetHints":{"allow":["GET"]}}],"collection":[{"href":"https:\/\/neuroedubrasil.com\/2023\/wp-json\/wp\/v2\/pages"}],"about":[{"href":"https:\/\/neuroedubrasil.com\/2023\/wp-json\/wp\/v2\/types\/page"}],"author":[{"embeddable":true,"href":"https:\/\/neuroedubrasil.com\/2023\/wp-json\/wp\/v2\/users\/1"}],"replies":[{"embeddable":true,"href":"https:\/\/neuroedubrasil.com\/2023\/wp-json\/wp\/v2\/comments?post=393"}],"version-history":[{"count":2,"href":"https:\/\/neuroedubrasil.com\/2023\/wp-json\/wp\/v2\/pages\/393\/revisions"}],"predecessor-version":[{"id":397,"href":"https:\/\/neuroedubrasil.com\/2023\/wp-json\/wp\/v2\/pages\/393\/revisions\/397"}],"wp:attachment":[{"href":"https:\/\/neuroedubrasil.com\/2023\/wp-json\/wp\/v2\/media?parent=393"}],"curies":[{"name":"wp","href":"https:\/\/api.w.org\/{rel}","templated":true}]}}