{"id":123,"date":"2025-07-10T09:56:30","date_gmt":"2025-07-10T12:56:30","guid":{"rendered":"https:\/\/neuroedubrasil.com\/2025\/?page_id=123"},"modified":"2025-07-14T09:21:25","modified_gmt":"2025-07-14T12:21:25","slug":"crencas-em-neuromitos-e-ferramentas-de-inteligencia-artificial-no-combate-a-desinformacao-efeitos-de-uso-de-midia-e-crise-climatica-no-neurodesenvolvimento-e-aprendizagem","status":"publish","type":"page","link":"https:\/\/neuroedubrasil.com\/2025\/crencas-em-neuromitos-e-ferramentas-de-inteligencia-artificial-no-combate-a-desinformacao-efeitos-de-uso-de-midia-e-crise-climatica-no-neurodesenvolvimento-e-aprendizagem\/","title":{"rendered":"<div style=\"text-align:left;\">   <span style=\"color:#fff; font-size:22px; line-height:1.4;\">     Cren\u00e7as em NeuroMitos e ferramentas de Intelig\u00eancia artificial no combate \u00e0 desinforma\u00e7\u00e3o<br>     Efeitos de Uso de M\u00eddia e Crise Clim\u00e1tica no Neurodesenvolvimento e Aprendizagem   <\/span> <\/div>"},"content":{"rendered":"<div style=\"width: 100%; font-family: Arial,sans-serif; line-height: 1.6; color: #333; padding: 40px 20px; background-color: #f9f9f9; border-radius: 8px; box-shadow: 0 0 10px rgba(0,0,0,0.1);\">\n<h2 style=\"color: #002244; font-size: 28px; text-align: center; margin-bottom: 30px;\">Organiza\u00e7\u00e3o<\/h2>\n<div style=\"display: flex; justify-content: center; gap: 40px; flex-wrap: wrap; align-items: center; margin-bottom: 40px;\"><img decoding=\"async\" style=\"height: 80px; object-fit: contain;\" src=\"https:\/\/neuroedubrasil.com\/2025\/wp-content\/uploads\/2025\/07\/nrg-1.png\" alt=\"NRG\" \/><br \/>\n<img decoding=\"async\" style=\"height: 80px; object-fit: contain;\" src=\"https:\/\/neuroedubrasil.com\/2025\/wp-content\/uploads\/2025\/07\/brain.png\" alt=\"BRAIM\" \/><\/div>\n<h2 style=\"color: #002244; font-size: 28px; text-align: center; margin-bottom: 30px;\">Parceiros<\/h2>\n<div style=\"display: flex; flex-wrap: wrap; justify-content: center; gap: 30px;\"><img decoding=\"async\" style=\"height: 80px; object-fit: contain;\" src=\"https:\/\/neuroedubrasil.com\/2025\/wp-content\/uploads\/2025\/07\/fcm.png\" alt=\"Faculdade de Ci\u00eancias M\u00e9dicas\" \/><br \/>\n<img decoding=\"async\" style=\"height: 80px; object-fit: contain;\" src=\"https:\/\/neuroedubrasil.com\/2025\/wp-content\/uploads\/2025\/07\/gigs.png\" alt=\"GIGS\" \/><br \/>\n<img decoding=\"async\" style=\"height: 80px; object-fit: contain;\" src=\"https:\/\/neuroedubrasil.com\/2025\/wp-content\/uploads\/2025\/07\/mandalas.png\" alt=\"Mandalas das Emo\u00e7\u00f5es\" \/><img decoding=\"async\" style=\"height: 80px; object-fit: contain;\" src=\"https:\/\/neuroedubrasil.com\/2025\/wp-content\/uploads\/2025\/07\/aspe.png\" alt=\"ASPE\" \/><br \/>\n<img decoding=\"async\" style=\"height: 80px; object-fit: contain;\" src=\"https:\/\/neuroedubrasil.com\/2025\/wp-content\/uploads\/2025\/07\/roxo.png\" alt=\"Movimento Roxo\" \/><br \/>\n<img decoding=\"async\" style=\"height: 80px; object-fit: contain;\" src=\"https:\/\/neuroedubrasil.com\/2025\/wp-content\/uploads\/2025\/07\/proec.jpeg\" alt=\"ProEC\" \/><br \/>\n<img decoding=\"async\" style=\"height: 80px; object-fit: contain;\" src=\"https:\/\/neuroedubrasil.com\/2025\/wp-content\/uploads\/2025\/07\/caravana.png\" alt=\"Caravana da Sa\u00fade\" \/><br \/>\n<img decoding=\"async\" style=\"height: 80px; object-fit: contain;\" src=\"https:\/\/neuroedubrasil.com\/2025\/wp-content\/uploads\/2025\/07\/adolescentes.png\" alt=\"Adolescentes\" \/><br \/>\n<img decoding=\"async\" style=\"height: 80px; object-fit: contain;\" src=\"https:\/\/neuroedubrasil.com\/2025\/wp-content\/uploads\/2025\/07\/cpdi.png\" alt=\"CPDI\" \/><\/p>\n<\/div>\n<\/div>\n","protected":false},"excerpt":{"rendered":"<p>Organiza\u00e7\u00e3o Parceiros<\/p>\n","protected":false},"author":1,"featured_media":0,"parent":0,"menu_order":0,"comment_status":"closed","ping_status":"closed","template":"","meta":{"_kadence_starter_templates_imported_post":false,"_kad_post_transparent":"","_kad_post_title":"","_kad_post_layout":"","_kad_post_sidebar_id":"","_kad_post_content_style":"","_kad_post_vertical_padding":"","_kad_post_feature":"","_kad_post_feature_position":"","_kad_post_header":false,"_kad_post_footer":false,"footnotes":""},"class_list":["post-123","page","type-page","status-publish","hentry"],"_links":{"self":[{"href":"https:\/\/neuroedubrasil.com\/2025\/wp-json\/wp\/v2\/pages\/123","targetHints":{"allow":["GET"]}}],"collection":[{"href":"https:\/\/neuroedubrasil.com\/2025\/wp-json\/wp\/v2\/pages"}],"about":[{"href":"https:\/\/neuroedubrasil.com\/2025\/wp-json\/wp\/v2\/types\/page"}],"author":[{"embeddable":true,"href":"https:\/\/neuroedubrasil.com\/2025\/wp-json\/wp\/v2\/users\/1"}],"replies":[{"embeddable":true,"href":"https:\/\/neuroedubrasil.com\/2025\/wp-json\/wp\/v2\/comments?post=123"}],"version-history":[{"count":15,"href":"https:\/\/neuroedubrasil.com\/2025\/wp-json\/wp\/v2\/pages\/123\/revisions"}],"predecessor-version":[{"id":175,"href":"https:\/\/neuroedubrasil.com\/2025\/wp-json\/wp\/v2\/pages\/123\/revisions\/175"}],"wp:attachment":[{"href":"https:\/\/neuroedubrasil.com\/2025\/wp-json\/wp\/v2\/media?parent=123"}],"curies":[{"name":"wp","href":"https:\/\/api.w.org\/{rel}","templated":true}]}}